{"id":76,"date":"2024-07-06T13:44:29","date_gmt":"2024-07-06T10:44:29","guid":{"rendered":"https:\/\/www.ctaproje.com.tr\/?page_id=76"},"modified":"2024-08-20T15:35:14","modified_gmt":"2024-08-20T12:35:14","slug":"hakkimizda","status":"publish","type":"page","link":"https:\/\/www.ctaproje.com.tr\/en\/hakkimizda\/","title":{"rendered":"About Us"},"content":{"rendered":"<div data-elementor-type=\"wp-page\" data-elementor-id=\"76\" class=\"elementor elementor-76\">\n\t\t\t\t<div class=\"wpr-parallax-multi-layer\" scalar-speed=\"10\" direction=\"no\" style=\"overflow: hidden;\"><div data-depth=\"0.4\" style-top=\"65%\" style-left=\"25%\" class=\"wpr-parallax-ml-children elementor-repeater-item-4b004e4\"><img decoding=\"async\" src=\"https:\/\/www.ctaproje.com.tr\/wp-content\/uploads\/2024\/07\/rectangle-1.png\"><\/div><div data-depth=\"0.4\" style-top=\"40%\" style-left=\"45%\" class=\"wpr-parallax-ml-children elementor-repeater-item-7e3d33c\"><img decoding=\"async\" src=\"https:\/\/www.ctaproje.com.tr\/wp-content\/uploads\/2024\/07\/Polygon-1.png\"><\/div><\/div>\t\t<section class=\"elementor-section elementor-top-section elementor-element elementor-element-db0afca0 wpr-parallax-yes elementor-hidden-desktop elementor-hidden-tablet elementor-hidden-mobile elementor-section-boxed elementor-section-height-default elementor-section-height-default wpr-particle-no wpr-jarallax-no wpr-sticky-section-no\" data-id=\"db0afca0\" data-element_type=\"section\" data-settings=\"{&quot;background_background&quot;:&quot;gradient&quot;}\">\n\t\t\t\t\t\t\t<div class=\"elementor-background-overlay\"><\/div>\n\t\t\t\t\t\t\t<div class=\"elementor-container elementor-column-gap-default\">\n\t\t\t\t\t<div class=\"elementor-column elementor-col-100 elementor-top-column elementor-element elementor-element-21b29d9d\" data-id=\"21b29d9d\" data-element_type=\"column\">\n\t\t\t<div class=\"elementor-widget-wrap elementor-element-populated\">\n\t\t\t\t\t\t<div class=\"elementor-element elementor-element-27f3dc55 elementor-widget elementor-widget-heading\" data-id=\"27f3dc55\" data-element_type=\"widget\" data-widget_type=\"heading.default\">\n\t\t\t\t<div class=\"elementor-widget-container\">\n\t\t\t<style>\/*! elementor - v3.23.0 - 05-08-2024 *\/\n.elementor-heading-title{padding:0;margin:0;line-height:1}.elementor-widget-heading .elementor-heading-title[class*=elementor-size-]>a{color:inherit;font-size:inherit;line-height:inherit}.elementor-widget-heading .elementor-heading-title.elementor-size-small{font-size:15px}.elementor-widget-heading .elementor-heading-title.elementor-size-medium{font-size:19px}.elementor-widget-heading .elementor-heading-title.elementor-size-large{font-size:29px}.elementor-widget-heading .elementor-heading-title.elementor-size-xl{font-size:39px}.elementor-widget-heading .elementor-heading-title.elementor-size-xxl{font-size:59px}<\/style><h2 class=\"elementor-heading-title elementor-size-default\">About Us<\/h2>\t\t<\/div>\n\t\t\t\t<\/div>\n\t\t\t\t\t<\/div>\n\t\t<\/div>\n\t\t\t\t\t<\/div>\n\t\t<\/section>\n\t\t\t\t<section class=\"elementor-section elementor-top-section elementor-element elementor-element-23828594 elementor-section-boxed elementor-section-height-default elementor-section-height-default wpr-particle-no wpr-jarallax-no wpr-parallax-no wpr-sticky-section-no\" data-id=\"23828594\" data-element_type=\"section\">\n\t\t\t\t\t\t<div class=\"elementor-container elementor-column-gap-wide\">\n\t\t\t\t\t<div class=\"elementor-column elementor-col-50 elementor-top-column elementor-element elementor-element-4f187a4\" data-id=\"4f187a4\" data-element_type=\"column\">\n\t\t\t<div class=\"elementor-widget-wrap elementor-element-populated\">\n\t\t\t\t\t\t<div class=\"elementor-element elementor-element-68f3850b elementor-widget elementor-widget-text-editor\" data-id=\"68f3850b\" data-element_type=\"widget\" data-widget_type=\"text-editor.default\">\n\t\t\t\t<div class=\"elementor-widget-container\">\n\t\t\t<style>\/*! elementor - v3.23.0 - 05-08-2024 *\/\n.elementor-widget-text-editor.elementor-drop-cap-view-stacked .elementor-drop-cap{background-color:#69727d;color:#fff}.elementor-widget-text-editor.elementor-drop-cap-view-framed .elementor-drop-cap{color:#69727d;border:3px solid;background-color:transparent}.elementor-widget-text-editor:not(.elementor-drop-cap-view-default) .elementor-drop-cap{margin-top:8px}.elementor-widget-text-editor:not(.elementor-drop-cap-view-default) .elementor-drop-cap-letter{width:1em;height:1em}.elementor-widget-text-editor .elementor-drop-cap{float:left;text-align:center;line-height:1;font-size:50px}.elementor-widget-text-editor .elementor-drop-cap-letter{display:inline-block}<\/style>\t\t\t\t<span style=\"color: #2c66a2;\">CTA Proje Elektrik Taahh\u00fct Sanayi ve Ticaret Anonim \u015eirketi,<\/span> is a leading company operating in the electrical project and contracting sector. Since our establishment, our company has adopted the principle of providing quality service and employer satisfaction and carries out a wide range of electrical project designs.\n<h4><span style=\"color: #2c66a2;\">Our Mission<\/span><\/h4>\nTo undertake projects that make a difference in the sector by offering innovative, reliable and sustainable solutions to our employers.\n<h4><span style=\"color: #2c66a2;\">Our Vision<\/span><\/h4>\nAs a leading company in the electrical project and contracting sector, we aim to follow technological developments closely, offer the most up-to-date solutions to our employers and become an internationally recognized company.\t\t\t\t\t\t<\/div>\n\t\t\t\t<\/div>\n\t\t\t\t\t<\/div>\n\t\t<\/div>\n\t\t\t\t<div class=\"elementor-column elementor-col-50 elementor-top-column elementor-element elementor-element-19783a1e\" data-id=\"19783a1e\" data-element_type=\"column\">\n\t\t\t<div class=\"elementor-widget-wrap elementor-element-populated\">\n\t\t\t\t\t\t<div class=\"elementor-element elementor-element-4fa7d369 elementor-widget elementor-widget-image\" data-id=\"4fa7d369\" data-element_type=\"widget\" data-widget_type=\"image.default\">\n\t\t\t\t<div class=\"elementor-widget-container\">\n\t\t\t<style>\/*! elementor - v3.23.0 - 05-08-2024 *\/\n.elementor-widget-image{text-align:center}.elementor-widget-image a{display:inline-block}.elementor-widget-image a img[src$=\".svg\"]{width:48px}.elementor-widget-image img{vertical-align:middle;display:inline-block}<\/style>\t\t\t\t\t\t\t\t\t\t<img fetchpriority=\"high\" decoding=\"async\" width=\"800\" height=\"600\" src=\"https:\/\/www.ctaproje.com.tr\/wp-content\/uploads\/2024\/08\/Cta-hakkimizda-2-1024x768.jpg\" class=\"attachment-large size-large wp-image-1746\" alt=\"\" srcset=\"https:\/\/www.ctaproje.com.tr\/wp-content\/uploads\/2024\/08\/Cta-hakkimizda-2-1024x768.jpg 1024w, https:\/\/www.ctaproje.com.tr\/wp-content\/uploads\/2024\/08\/Cta-hakkimizda-2-300x225.jpg 300w, https:\/\/www.ctaproje.com.tr\/wp-content\/uploads\/2024\/08\/Cta-hakkimizda-2-768x576.jpg 768w, https:\/\/www.ctaproje.com.tr\/wp-content\/uploads\/2024\/08\/Cta-hakkimizda-2-1536x1152.jpg 1536w, https:\/\/www.ctaproje.com.tr\/wp-content\/uploads\/2024\/08\/Cta-hakkimizda-2-2048x1536.jpg 2048w\" sizes=\"(max-width: 800px) 100vw, 800px\" \/>\t\t\t\t\t\t\t\t\t\t\t\t\t<\/div>\n\t\t\t\t<\/div>\n\t\t\t\t\t<\/div>\n\t\t<\/div>\n\t\t\t\t\t<\/div>\n\t\t<\/section>\n\t\t\t\t<section class=\"elementor-section elementor-top-section elementor-element elementor-element-9589225 elementor-section-boxed elementor-section-height-default elementor-section-height-default wpr-particle-no wpr-jarallax-no wpr-parallax-no wpr-sticky-section-no\" data-id=\"9589225\" data-element_type=\"section\">\n\t\t\t\t\t\t<div class=\"elementor-container elementor-column-gap-wide\">\n\t\t\t\t\t<div class=\"elementor-column elementor-col-50 elementor-top-column elementor-element elementor-element-135370a\" data-id=\"135370a\" data-element_type=\"column\">\n\t\t\t<div class=\"elementor-widget-wrap elementor-element-populated\">\n\t\t\t\t\t\t<div class=\"elementor-element elementor-element-5e01d0c elementor-widget elementor-widget-image\" data-id=\"5e01d0c\" data-element_type=\"widget\" data-widget_type=\"image.default\">\n\t\t\t\t<div class=\"elementor-widget-container\">\n\t\t\t\t\t\t\t\t\t\t\t\t\t<img decoding=\"async\" width=\"800\" height=\"600\" src=\"https:\/\/www.ctaproje.com.tr\/wp-content\/uploads\/2024\/08\/Cta-hakkimizda-1-1024x768.jpg\" class=\"attachment-large size-large wp-image-1747\" alt=\"\" srcset=\"https:\/\/www.ctaproje.com.tr\/wp-content\/uploads\/2024\/08\/Cta-hakkimizda-1-1024x768.jpg 1024w, https:\/\/www.ctaproje.com.tr\/wp-content\/uploads\/2024\/08\/Cta-hakkimizda-1-300x225.jpg 300w, https:\/\/www.ctaproje.com.tr\/wp-content\/uploads\/2024\/08\/Cta-hakkimizda-1-768x576.jpg 768w, https:\/\/www.ctaproje.com.tr\/wp-content\/uploads\/2024\/08\/Cta-hakkimizda-1-1536x1152.jpg 1536w, https:\/\/www.ctaproje.com.tr\/wp-content\/uploads\/2024\/08\/Cta-hakkimizda-1-2048x1536.jpg 2048w\" sizes=\"(max-width: 800px) 100vw, 800px\" \/>\t\t\t\t\t\t\t\t\t\t\t\t\t<\/div>\n\t\t\t\t<\/div>\n\t\t\t\t\t<\/div>\n\t\t<\/div>\n\t\t\t\t<div class=\"elementor-column elementor-col-50 elementor-top-column elementor-element elementor-element-43f3ac5\" data-id=\"43f3ac5\" data-element_type=\"column\">\n\t\t\t<div class=\"elementor-widget-wrap elementor-element-populated\">\n\t\t\t\t\t\t<div class=\"elementor-element elementor-element-283e3e0 elementor-widget elementor-widget-text-editor\" data-id=\"283e3e0\" data-element_type=\"widget\" data-widget_type=\"text-editor.default\">\n\t\t\t\t<div class=\"elementor-widget-container\">\n\t\t\t\t\t\t\t<h4><span style=\"color: #2c66a2;\">Our Values<\/span><\/h4><ul><li><span style=\"color: #2c66a2;\">Quality:<\/span> To always provide the highest standards of service.<\/li><li><span style=\"color: #2c66a2;\">Reliability:<\/span> To gain customer trust by completing our projects on time and completely.<\/li><li><span style=\"color: #2c66a2;\">Innovation:<\/span> To offer innovative solutions by keeping up with ever-evolving technology.<\/li><li><span style=\"color: #2c66a2;\">Customer Satisfaction:<\/span> To ensure complete satisfaction by offering solutions specific to customer needs.<\/li><\/ul>\t\t\t\t\t\t<\/div>\n\t\t\t\t<\/div>\n\t\t\t\t\t<\/div>\n\t\t<\/div>\n\t\t\t\t\t<\/div>\n\t\t<\/section>\n\t\t\t\t<section class=\"elementor-section elementor-top-section elementor-element elementor-element-3cf2d51 elementor-section-boxed elementor-section-height-default elementor-section-height-default wpr-particle-no wpr-jarallax-no wpr-parallax-no wpr-sticky-section-no\" data-id=\"3cf2d51\" data-element_type=\"section\">\n\t\t\t\t\t\t<div class=\"elementor-container elementor-column-gap-wide\">\n\t\t\t\t\t<div class=\"elementor-column elementor-col-50 elementor-top-column elementor-element elementor-element-4942b2f\" data-id=\"4942b2f\" data-element_type=\"column\">\n\t\t\t<div class=\"elementor-widget-wrap elementor-element-populated\">\n\t\t\t\t\t\t<div class=\"elementor-element elementor-element-6a5b48e elementor-widget elementor-widget-text-editor\" data-id=\"6a5b48e\" data-element_type=\"widget\" data-widget_type=\"text-editor.default\">\n\t\t\t\t<div class=\"elementor-widget-container\">\n\t\t\t\t\t\t\t<h4><span style=\"color: #2c66a2;\">Our Services<\/span><\/h4><ul><li>Elektrik proje tasar\u0131m\u0131<\/li><li>Electrical contracting services<\/li><li>Energy management and consultancy<\/li><li>Maintenance and repair services<\/li><li>Renewable energy solutions<\/li><\/ul>\t\t\t\t\t\t<\/div>\n\t\t\t\t<\/div>\n\t\t\t\t\t<\/div>\n\t\t<\/div>\n\t\t\t\t<div class=\"elementor-column elementor-col-50 elementor-top-column elementor-element elementor-element-3a6510a\" data-id=\"3a6510a\" data-element_type=\"column\">\n\t\t\t<div class=\"elementor-widget-wrap elementor-element-populated\">\n\t\t\t\t\t\t<div class=\"elementor-element elementor-element-2152daa elementor-widget elementor-widget-image\" data-id=\"2152daa\" data-element_type=\"widget\" data-widget_type=\"image.default\">\n\t\t\t\t<div class=\"elementor-widget-container\">\n\t\t\t\t\t\t\t\t\t\t\t\t\t<img decoding=\"async\" width=\"532\" height=\"378\" src=\"https:\/\/www.ctaproje.com.tr\/wp-content\/uploads\/2024\/08\/mus-hastane4.png\" class=\"attachment-large size-large wp-image-1571\" alt=\"\" srcset=\"https:\/\/www.ctaproje.com.tr\/wp-content\/uploads\/2024\/08\/mus-hastane4.png 532w, https:\/\/www.ctaproje.com.tr\/wp-content\/uploads\/2024\/08\/mus-hastane4-300x213.png 300w\" sizes=\"(max-width: 532px) 100vw, 532px\" \/>\t\t\t\t\t\t\t\t\t\t\t\t\t<\/div>\n\t\t\t\t<\/div>\n\t\t\t\t\t<\/div>\n\t\t<\/div>\n\t\t\t\t\t<\/div>\n\t\t<\/section>\n\t\t<div class=\"elementor-element elementor-element-cc1d861 e-flex e-con-boxed wpr-particle-no wpr-jarallax-no wpr-parallax-no wpr-sticky-section-no e-con e-parent\" data-id=\"cc1d861\" data-element_type=\"container\">\n\t\t\t\t\t<div class=\"e-con-inner\">\n\t\t\t\t<div class=\"elementor-element elementor-element-93e6235 elementor-widget__width-initial elementor-widget elementor-widget-text-editor\" data-id=\"93e6235\" data-element_type=\"widget\" data-widget_type=\"text-editor.default\">\n\t\t\t\t<div class=\"elementor-widget-container\">\n\t\t\t\t\t\t\t<h4><span style=\"color: #2c66a2;\">Why Choose Us?<\/span><\/h4>\n<span style=\"color: #2c66a2;\">CTA PROJE ELEKTR\u0130K<\/span> , we aim to provide the best service to our customers with our experience in the sector and our professional team. As a company that closely follows technology and constantly renews itself, you can safely entrust your projects to our company.\t\t\t\t\t\t<\/div>\n\t\t\t\t<\/div>\n\t\t\t\t\t<\/div>\n\t\t\t\t<\/div>\n\t\t\t\t<\/div>","protected":false},"excerpt":{"rendered":"<p>Hakk\u0131m\u0131zda CTA Proje Elektrik Taahh\u00fct Sanayi ve Ticaret Anonim \u015eirketi, elektrik proje ve taahh\u00fct sekt\u00f6r\u00fcnde faaliyet g\u00f6steren \u00f6nc\u00fc bir firmad\u0131r. Kurulu\u015fumuzdan bu yana, kaliteli hizmet vermeyi ve i\u015fveren memnuniyetini ilke edinmi\u015f olan \u015firketimiz, geni\u015f bir yelpazede elektrik projeleri tasar\u0131m\u0131 ger\u00e7ekle\u015ftirmektedir. Misyonumuz \u0130\u015fverenlerimize yenilik\u00e7i, g\u00fcvenilir ve s\u00fcrd\u00fcr\u00fclebilir \u00e7\u00f6z\u00fcmler sunarak, sekt\u00f6rde fark yaratan projelere imza atmak. Vizyonumuz Elektrik proje ve taahh\u00fct sekt\u00f6r\u00fcnde lider bir firma olarak, teknolojik geli\u015fmeleri yak\u0131ndan takip ederek, en g\u00fcncel \u00e7\u00f6z\u00fcmleri i\u015fverenlerimize sunmak ve uluslararas\u0131 alanda tan\u0131nan bir firma olmak. De\u011ferlerimiz Kalite: Her zaman en y\u00fcksek standartlarda hizmet sunmak. G\u00fcvenilirlik: Projelerimizi zaman\u0131nda ve eksiksiz tamamlayarak m\u00fc\u015fteri g\u00fcvenini kazanmak. Yenilik\u00e7ilik: S\u00fcrekli geli\u015fen teknolojiye ayak uydurarak yenilik\u00e7i \u00e7\u00f6z\u00fcmler sunmak. M\u00fc\u015fteri Memnuniyeti: M\u00fc\u015fteri ihtiya\u00e7lar\u0131na \u00f6zel \u00e7\u00f6z\u00fcmler sunarak tam memnuniyet sa\u011flamak. Hizmetlerimiz Elektrik proje tasar\u0131m\u0131 Elektrik taahh\u00fct hizmetleri Enerji y\u00f6netimi ve dan\u0131\u015fmanl\u0131k Bak\u0131m ve onar\u0131m hizmetleri Yenilenebilir enerji \u00e7\u00f6z\u00fcmleri Neden Biz? CTA PROJE ELEKTR\u0130K olarak, sekt\u00f6rdeki deneyimimiz ve profesyonel ekibimizle m\u00fc\u015fterilerimize en iyi hizmeti sunmay\u0131 hedefliyoruz. Teknolojiyi yak\u0131ndan takip eden ve s\u00fcrekli kendini yenileyen bir firma olarak, projelerinizi g\u00fcvenle firmam\u0131za emanet edebilirsiniz.<\/p>","protected":false},"author":1,"featured_media":0,"parent":0,"menu_order":0,"comment_status":"closed","ping_status":"closed","template":"elementor_header_footer","meta":{"footnotes":""},"class_list":["post-76","page","type-page","status-publish","hentry"],"yoast_head":"<!-- This site is optimized with the Yoast SEO plugin v23.2 - https:\/\/yoast.com\/wordpress\/plugins\/seo\/ -->\n<title>Hakk\u0131m\u0131zda | CTA Proje<\/title>\n<meta name=\"robots\" content=\"index, follow, max-snippet:-1, max-image-preview:large, max-video-preview:-1\" \/>\n<link rel=\"canonical\" href=\"https:\/\/www.ctaproje.com.tr\/en\/hakkimizda\/\" \/>\n<meta property=\"og:locale\" content=\"en_US\" \/>\n<meta property=\"og:type\" content=\"article\" \/>\n<meta property=\"og:title\" content=\"Hakk\u0131m\u0131zda | CTA Proje\" \/>\n<meta property=\"og:description\" content=\"Hakk\u0131m\u0131zda CTA Proje Elektrik Taahh\u00fct Sanayi ve Ticaret Anonim \u015eirketi, elektrik proje ve taahh\u00fct sekt\u00f6r\u00fcnde faaliyet g\u00f6steren \u00f6nc\u00fc bir firmad\u0131r. Kurulu\u015fumuzdan bu yana, kaliteli hizmet vermeyi ve i\u015fveren memnuniyetini ilke edinmi\u015f olan \u015firketimiz, geni\u015f bir yelpazede elektrik projeleri tasar\u0131m\u0131 ger\u00e7ekle\u015ftirmektedir. Misyonumuz \u0130\u015fverenlerimize yenilik\u00e7i, g\u00fcvenilir ve s\u00fcrd\u00fcr\u00fclebilir \u00e7\u00f6z\u00fcmler sunarak, sekt\u00f6rde fark yaratan projelere imza atmak. Vizyonumuz Elektrik proje ve taahh\u00fct sekt\u00f6r\u00fcnde lider bir firma olarak, teknolojik geli\u015fmeleri yak\u0131ndan takip ederek, en g\u00fcncel \u00e7\u00f6z\u00fcmleri i\u015fverenlerimize sunmak ve uluslararas\u0131 alanda tan\u0131nan bir firma olmak. De\u011ferlerimiz Kalite: Her zaman en y\u00fcksek standartlarda hizmet sunmak. G\u00fcvenilirlik: Projelerimizi zaman\u0131nda ve eksiksiz tamamlayarak m\u00fc\u015fteri g\u00fcvenini kazanmak. Yenilik\u00e7ilik: S\u00fcrekli geli\u015fen teknolojiye ayak uydurarak yenilik\u00e7i \u00e7\u00f6z\u00fcmler sunmak. M\u00fc\u015fteri Memnuniyeti: M\u00fc\u015fteri ihtiya\u00e7lar\u0131na \u00f6zel \u00e7\u00f6z\u00fcmler sunarak tam memnuniyet sa\u011flamak. Hizmetlerimiz Elektrik proje tasar\u0131m\u0131 Elektrik taahh\u00fct hizmetleri Enerji y\u00f6netimi ve dan\u0131\u015fmanl\u0131k Bak\u0131m ve onar\u0131m hizmetleri Yenilenebilir enerji \u00e7\u00f6z\u00fcmleri Neden Biz? CTA PROJE ELEKTR\u0130K olarak, sekt\u00f6rdeki deneyimimiz ve profesyonel ekibimizle m\u00fc\u015fterilerimize en iyi hizmeti sunmay\u0131 hedefliyoruz. Teknolojiyi yak\u0131ndan takip eden ve s\u00fcrekli kendini yenileyen bir firma olarak, projelerinizi g\u00fcvenle firmam\u0131za emanet edebilirsiniz.\" \/>\n<meta property=\"og:url\" content=\"https:\/\/www.ctaproje.com.tr\/en\/hakkimizda\/\" \/>\n<meta property=\"og:site_name\" content=\"CTA Proje\" \/>\n<meta property=\"article:modified_time\" content=\"2024-08-20T12:35:14+00:00\" \/>\n<meta property=\"og:image\" content=\"https:\/\/www.ctaproje.com.tr\/wp-content\/uploads\/2024\/08\/Cta-hakkimizda-2-1024x768.jpg\" \/>\n<meta name=\"twitter:card\" content=\"summary_large_image\" \/>\n<meta name=\"twitter:label1\" content=\"Est. reading time\" \/>\n\t<meta name=\"twitter:data1\" content=\"2 minutes\" \/>\n<script type=\"application\/ld+json\" class=\"yoast-schema-graph\">{\"@context\":\"https:\/\/schema.org\",\"@graph\":[{\"@type\":\"WebPage\",\"@id\":\"https:\/\/www.ctaproje.com.tr\/hakkimizda\/\",\"url\":\"https:\/\/www.ctaproje.com.tr\/hakkimizda\/\",\"name\":\"Hakk\u0131m\u0131zda | CTA Proje\",\"isPartOf\":{\"@id\":\"https:\/\/www.ctaproje.com.tr\/#website\"},\"primaryImageOfPage\":{\"@id\":\"https:\/\/www.ctaproje.com.tr\/hakkimizda\/#primaryimage\"},\"image\":{\"@id\":\"https:\/\/www.ctaproje.com.tr\/hakkimizda\/#primaryimage\"},\"thumbnailUrl\":\"https:\/\/www.ctaproje.com.tr\/wp-content\/uploads\/2024\/08\/Cta-hakkimizda-2-1024x768.jpg\",\"datePublished\":\"2024-07-06T10:44:29+00:00\",\"dateModified\":\"2024-08-20T12:35:14+00:00\",\"breadcrumb\":{\"@id\":\"https:\/\/www.ctaproje.com.tr\/hakkimizda\/#breadcrumb\"},\"inLanguage\":\"en-US\",\"potentialAction\":[{\"@type\":\"ReadAction\",\"target\":[\"https:\/\/www.ctaproje.com.tr\/hakkimizda\/\"]}]},{\"@type\":\"ImageObject\",\"inLanguage\":\"en-US\",\"@id\":\"https:\/\/www.ctaproje.com.tr\/hakkimizda\/#primaryimage\",\"url\":\"https:\/\/www.ctaproje.com.tr\/wp-content\/uploads\/2024\/08\/Cta-hakkimizda-2-1024x768.jpg\",\"contentUrl\":\"https:\/\/www.ctaproje.com.tr\/wp-content\/uploads\/2024\/08\/Cta-hakkimizda-2-1024x768.jpg\"},{\"@type\":\"BreadcrumbList\",\"@id\":\"https:\/\/www.ctaproje.com.tr\/hakkimizda\/#breadcrumb\",\"itemListElement\":[{\"@type\":\"ListItem\",\"position\":1,\"name\":\"Anasayfa\",\"item\":\"https:\/\/www.ctaproje.com.tr\/\"},{\"@type\":\"ListItem\",\"position\":2,\"name\":\"Hakk\u0131m\u0131zda\"}]},{\"@type\":\"WebSite\",\"@id\":\"https:\/\/www.ctaproje.com.tr\/#website\",\"url\":\"https:\/\/www.ctaproje.com.tr\/\",\"name\":\"CTA Proje\",\"description\":\"\",\"publisher\":{\"@id\":\"https:\/\/www.ctaproje.com.tr\/#organization\"},\"alternateName\":\"CTA Elektrik\",\"potentialAction\":[{\"@type\":\"SearchAction\",\"target\":{\"@type\":\"EntryPoint\",\"urlTemplate\":\"https:\/\/www.ctaproje.com.tr\/?s={search_term_string}\"},\"query-input\":\"required name=search_term_string\"}],\"inLanguage\":\"en-US\"},{\"@type\":\"Organization\",\"@id\":\"https:\/\/www.ctaproje.com.tr\/#organization\",\"name\":\"CTA Proje\",\"url\":\"https:\/\/www.ctaproje.com.tr\/\",\"logo\":{\"@type\":\"ImageObject\",\"inLanguage\":\"en-US\",\"@id\":\"https:\/\/www.ctaproje.com.tr\/#\/schema\/logo\/image\/\",\"url\":\"https:\/\/www.ctaproje.com.tr\/wp-content\/uploads\/2024\/07\/Artboard-1-copy-8.svg\",\"contentUrl\":\"https:\/\/www.ctaproje.com.tr\/wp-content\/uploads\/2024\/07\/Artboard-1-copy-8.svg\",\"width\":1080,\"height\":1080,\"caption\":\"CTA Proje\"},\"image\":{\"@id\":\"https:\/\/www.ctaproje.com.tr\/#\/schema\/logo\/image\/\"}}]}<\/script>\n<!-- \/ Yoast SEO plugin. -->","yoast_head_json":{"title":"Hakk\u0131m\u0131zda | CTA Proje","robots":{"index":"index","follow":"follow","max-snippet":"max-snippet:-1","max-image-preview":"max-image-preview:large","max-video-preview":"max-video-preview:-1"},"canonical":"https:\/\/www.ctaproje.com.tr\/en\/hakkimizda\/","og_locale":"en_US","og_type":"article","og_title":"Hakk\u0131m\u0131zda | CTA Proje","og_description":"Hakk\u0131m\u0131zda CTA Proje Elektrik Taahh\u00fct Sanayi ve Ticaret Anonim \u015eirketi, elektrik proje ve taahh\u00fct sekt\u00f6r\u00fcnde faaliyet g\u00f6steren \u00f6nc\u00fc bir firmad\u0131r. Kurulu\u015fumuzdan bu yana, kaliteli hizmet vermeyi ve i\u015fveren memnuniyetini ilke edinmi\u015f olan \u015firketimiz, geni\u015f bir yelpazede elektrik projeleri tasar\u0131m\u0131 ger\u00e7ekle\u015ftirmektedir. Misyonumuz \u0130\u015fverenlerimize yenilik\u00e7i, g\u00fcvenilir ve s\u00fcrd\u00fcr\u00fclebilir \u00e7\u00f6z\u00fcmler sunarak, sekt\u00f6rde fark yaratan projelere imza atmak. Vizyonumuz Elektrik proje ve taahh\u00fct sekt\u00f6r\u00fcnde lider bir firma olarak, teknolojik geli\u015fmeleri yak\u0131ndan takip ederek, en g\u00fcncel \u00e7\u00f6z\u00fcmleri i\u015fverenlerimize sunmak ve uluslararas\u0131 alanda tan\u0131nan bir firma olmak. De\u011ferlerimiz Kalite: Her zaman en y\u00fcksek standartlarda hizmet sunmak. G\u00fcvenilirlik: Projelerimizi zaman\u0131nda ve eksiksiz tamamlayarak m\u00fc\u015fteri g\u00fcvenini kazanmak. Yenilik\u00e7ilik: S\u00fcrekli geli\u015fen teknolojiye ayak uydurarak yenilik\u00e7i \u00e7\u00f6z\u00fcmler sunmak. M\u00fc\u015fteri Memnuniyeti: M\u00fc\u015fteri ihtiya\u00e7lar\u0131na \u00f6zel \u00e7\u00f6z\u00fcmler sunarak tam memnuniyet sa\u011flamak. Hizmetlerimiz Elektrik proje tasar\u0131m\u0131 Elektrik taahh\u00fct hizmetleri Enerji y\u00f6netimi ve dan\u0131\u015fmanl\u0131k Bak\u0131m ve onar\u0131m hizmetleri Yenilenebilir enerji \u00e7\u00f6z\u00fcmleri Neden Biz? CTA PROJE ELEKTR\u0130K olarak, sekt\u00f6rdeki deneyimimiz ve profesyonel ekibimizle m\u00fc\u015fterilerimize en iyi hizmeti sunmay\u0131 hedefliyoruz. Teknolojiyi yak\u0131ndan takip eden ve s\u00fcrekli kendini yenileyen bir firma olarak, projelerinizi g\u00fcvenle firmam\u0131za emanet edebilirsiniz.","og_url":"https:\/\/www.ctaproje.com.tr\/en\/hakkimizda\/","og_site_name":"CTA Proje","article_modified_time":"2024-08-20T12:35:14+00:00","og_image":[{"url":"https:\/\/www.ctaproje.com.tr\/wp-content\/uploads\/2024\/08\/Cta-hakkimizda-2-1024x768.jpg"}],"twitter_card":"summary_large_image","twitter_misc":{"Est. reading time":"2 minutes"},"schema":{"@context":"https:\/\/schema.org","@graph":[{"@type":"WebPage","@id":"https:\/\/www.ctaproje.com.tr\/hakkimizda\/","url":"https:\/\/www.ctaproje.com.tr\/hakkimizda\/","name":"Hakk\u0131m\u0131zda | CTA Proje","isPartOf":{"@id":"https:\/\/www.ctaproje.com.tr\/#website"},"primaryImageOfPage":{"@id":"https:\/\/www.ctaproje.com.tr\/hakkimizda\/#primaryimage"},"image":{"@id":"https:\/\/www.ctaproje.com.tr\/hakkimizda\/#primaryimage"},"thumbnailUrl":"https:\/\/www.ctaproje.com.tr\/wp-content\/uploads\/2024\/08\/Cta-hakkimizda-2-1024x768.jpg","datePublished":"2024-07-06T10:44:29+00:00","dateModified":"2024-08-20T12:35:14+00:00","breadcrumb":{"@id":"https:\/\/www.ctaproje.com.tr\/hakkimizda\/#breadcrumb"},"inLanguage":"en-US","potentialAction":[{"@type":"ReadAction","target":["https:\/\/www.ctaproje.com.tr\/hakkimizda\/"]}]},{"@type":"ImageObject","inLanguage":"en-US","@id":"https:\/\/www.ctaproje.com.tr\/hakkimizda\/#primaryimage","url":"https:\/\/www.ctaproje.com.tr\/wp-content\/uploads\/2024\/08\/Cta-hakkimizda-2-1024x768.jpg","contentUrl":"https:\/\/www.ctaproje.com.tr\/wp-content\/uploads\/2024\/08\/Cta-hakkimizda-2-1024x768.jpg"},{"@type":"BreadcrumbList","@id":"https:\/\/www.ctaproje.com.tr\/hakkimizda\/#breadcrumb","itemListElement":[{"@type":"ListItem","position":1,"name":"Anasayfa","item":"https:\/\/www.ctaproje.com.tr\/"},{"@type":"ListItem","position":2,"name":"Hakk\u0131m\u0131zda"}]},{"@type":"WebSite","@id":"https:\/\/www.ctaproje.com.tr\/#website","url":"https:\/\/www.ctaproje.com.tr\/","name":"CTA Proje","description":"","publisher":{"@id":"https:\/\/www.ctaproje.com.tr\/#organization"},"alternateName":"CTA Elektrik","potentialAction":[{"@type":"SearchAction","target":{"@type":"EntryPoint","urlTemplate":"https:\/\/www.ctaproje.com.tr\/?s={search_term_string}"},"query-input":"required name=search_term_string"}],"inLanguage":"en-US"},{"@type":"Organization","@id":"https:\/\/www.ctaproje.com.tr\/#organization","name":"CTA Proje","url":"https:\/\/www.ctaproje.com.tr\/","logo":{"@type":"ImageObject","inLanguage":"en-US","@id":"https:\/\/www.ctaproje.com.tr\/#\/schema\/logo\/image\/","url":"https:\/\/www.ctaproje.com.tr\/wp-content\/uploads\/2024\/07\/Artboard-1-copy-8.svg","contentUrl":"https:\/\/www.ctaproje.com.tr\/wp-content\/uploads\/2024\/07\/Artboard-1-copy-8.svg","width":1080,"height":1080,"caption":"CTA Proje"},"image":{"@id":"https:\/\/www.ctaproje.com.tr\/#\/schema\/logo\/image\/"}}]}},"_links":{"self":[{"href":"https:\/\/www.ctaproje.com.tr\/en\/wp-json\/wp\/v2\/pages\/76","targetHints":{"allow":["GET"]}}],"collection":[{"href":"https:\/\/www.ctaproje.com.tr\/en\/wp-json\/wp\/v2\/pages"}],"about":[{"href":"https:\/\/www.ctaproje.com.tr\/en\/wp-json\/wp\/v2\/types\/page"}],"author":[{"embeddable":true,"href":"https:\/\/www.ctaproje.com.tr\/en\/wp-json\/wp\/v2\/users\/1"}],"replies":[{"embeddable":true,"href":"https:\/\/www.ctaproje.com.tr\/en\/wp-json\/wp\/v2\/comments?post=76"}],"version-history":[{"count":67,"href":"https:\/\/www.ctaproje.com.tr\/en\/wp-json\/wp\/v2\/pages\/76\/revisions"}],"predecessor-version":[{"id":1750,"href":"https:\/\/www.ctaproje.com.tr\/en\/wp-json\/wp\/v2\/pages\/76\/revisions\/1750"}],"wp:attachment":[{"href":"https:\/\/www.ctaproje.com.tr\/en\/wp-json\/wp\/v2\/media?parent=76"}],"curies":[{"name":"wp","href":"https:\/\/api.w.org\/{rel}","templated":true}]}}